{"id":15554,"date":"2021-04-17T08:37:59","date_gmt":"2021-04-17T07:37:59","guid":{"rendered":"https:\/\/www.webjaseur.com\/?page_id=15554"},"modified":"2021-04-17T09:17:52","modified_gmt":"2021-04-17T08:17:52","slug":"curricilum-vitae-jean-jacques-feierabend","status":"publish","type":"page","link":"https:\/\/www.webjaseur.com\/?page_id=15554","title":{"rendered":"Curricilum Vitae Jean-Jacques Feierabend"},"content":{"rendered":"<h3>Documents au format PDF.<\/h3>\n<h3>Pour d&rsquo;autres formats, veuillez nous contacter.<\/h3>\n<p><img decoding=\"async\" src=\"https:\/\/www.webjaseur.com\/wp-content\/uploads\/elementor\/thumbs\/jjf-p5bpgxv9xgympq9huyvis5fms6evc224ezfchknmj4.png\" title=\"jjf\" alt=\"jjf\"><br \/>\n<a itemprop=\"url\" href=\"wp-content\/uploads\/2021\/04\/JJF-CV-FR-2021.pdf\" target=\"_blank\" style=\"border-radius: 020px;-moz-border-radius: 020px;-webkit-border-radius: 020px; \" rel=\"noopener\">T\u00e9l\u00e9charger CV Version Fran\u00e7aise<\/a><br \/>\n<a itemprop=\"url\" href=\"wp-content\/uploads\/2021\/04\/JJF-CV-EN-2021.pdf\" target=\"_blank\" style=\"border-radius: 020px;-moz-border-radius: 020px;-webkit-border-radius: 020px; \" rel=\"noopener\">Download CV English Version<\/a><\/p>\n","protected":false},"excerpt":{"rendered":"<p>Documents au format PDF. Pour d&rsquo;autres formats, veuillez nous contacter. T\u00e9l\u00e9charger CV Version Fran\u00e7aise Download CV English Version<\/p>\n","protected":false},"author":1,"featured_media":0,"parent":0,"menu_order":0,"comment_status":"closed","ping_status":"closed","template":"","meta":{"footnotes":""},"yoast_head":"<!-- This site is optimized with the Yoast SEO plugin v22.8 - https:\/\/yoast.com\/wordpress\/plugins\/seo\/ -->\n<title>Curricilum Vitae Jean-Jacques Feierabend - WebJaseur<\/title>\n<meta name=\"robots\" content=\"index, follow, max-snippet:-1, max-image-preview:large, max-video-preview:-1\" \/>\n<link rel=\"canonical\" href=\"https:\/\/www.webjaseur.com\/?page_id=15554\" \/>\n<meta property=\"og:locale\" content=\"fr_FR\" \/>\n<meta property=\"og:type\" content=\"article\" \/>\n<meta property=\"og:title\" content=\"Curricilum Vitae Jean-Jacques Feierabend - WebJaseur\" \/>\n<meta property=\"og:description\" content=\"Documents au format PDF. Pour d&rsquo;autres formats, veuillez nous contacter. T\u00e9l\u00e9charger CV Version Fran\u00e7aise Download CV English Version\" \/>\n<meta property=\"og:url\" content=\"https:\/\/www.webjaseur.com\/?page_id=15554\" \/>\n<meta property=\"og:site_name\" content=\"WebJaseur\" \/>\n<meta property=\"article:modified_time\" content=\"2021-04-17T08:17:52+00:00\" \/>\n<meta property=\"og:image\" content=\"https:\/\/www.webjaseur.com\/wp-content\/uploads\/elementor\/thumbs\/jjf-p5bpgxv9xgympq9huyvis5fms6evc224ezfchknmj4.png\" \/>\n<meta name=\"twitter:card\" content=\"summary_large_image\" \/>\n<meta name=\"twitter:label1\" content=\"Dur\u00e9e de lecture estim\u00e9e\" \/>\n\t<meta name=\"twitter:data1\" content=\"1 minute\" \/>\n<script type=\"application\/ld+json\" class=\"yoast-schema-graph\">{\"@context\":\"https:\/\/schema.org\",\"@graph\":[{\"@type\":\"WebPage\",\"@id\":\"https:\/\/www.webjaseur.com\/?page_id=15554\",\"url\":\"https:\/\/www.webjaseur.com\/?page_id=15554\",\"name\":\"Curricilum Vitae Jean-Jacques Feierabend - WebJaseur\",\"isPartOf\":{\"@id\":\"https:\/\/www.webjaseur.com\/#website\"},\"primaryImageOfPage\":{\"@id\":\"https:\/\/www.webjaseur.com\/?page_id=15554#primaryimage\"},\"image\":{\"@id\":\"https:\/\/www.webjaseur.com\/?page_id=15554#primaryimage\"},\"thumbnailUrl\":\"https:\/\/www.webjaseur.com\/wp-content\/uploads\/elementor\/thumbs\/jjf-p5bpgxv9xgympq9huyvis5fms6evc224ezfchknmj4.png\",\"datePublished\":\"2021-04-17T07:37:59+00:00\",\"dateModified\":\"2021-04-17T08:17:52+00:00\",\"breadcrumb\":{\"@id\":\"https:\/\/www.webjaseur.com\/?page_id=15554#breadcrumb\"},\"inLanguage\":\"fr-FR\",\"potentialAction\":[{\"@type\":\"ReadAction\",\"target\":[\"https:\/\/www.webjaseur.com\/?page_id=15554\"]}]},{\"@type\":\"ImageObject\",\"inLanguage\":\"fr-FR\",\"@id\":\"https:\/\/www.webjaseur.com\/?page_id=15554#primaryimage\",\"url\":\"https:\/\/www.webjaseur.com\/wp-content\/uploads\/elementor\/thumbs\/jjf-p5bpgxv9xgympq9huyvis5fms6evc224ezfchknmj4.png\",\"contentUrl\":\"https:\/\/www.webjaseur.com\/wp-content\/uploads\/elementor\/thumbs\/jjf-p5bpgxv9xgympq9huyvis5fms6evc224ezfchknmj4.png\"},{\"@type\":\"BreadcrumbList\",\"@id\":\"https:\/\/www.webjaseur.com\/?page_id=15554#breadcrumb\",\"itemListElement\":[{\"@type\":\"ListItem\",\"position\":1,\"name\":\"Accueil\",\"item\":\"https:\/\/www.webjaseur.com\/\"},{\"@type\":\"ListItem\",\"position\":2,\"name\":\"Curricilum Vitae Jean-Jacques Feierabend\"}]},{\"@type\":\"WebSite\",\"@id\":\"https:\/\/www.webjaseur.com\/#website\",\"url\":\"https:\/\/www.webjaseur.com\/\",\"name\":\"WebJaseur\",\"description\":\"Your WinDev, WebDev, Mobile partner\",\"publisher\":{\"@id\":\"https:\/\/www.webjaseur.com\/#organization\"},\"potentialAction\":[{\"@type\":\"SearchAction\",\"target\":{\"@type\":\"EntryPoint\",\"urlTemplate\":\"https:\/\/www.webjaseur.com\/?s={search_term_string}\"},\"query-input\":\"required name=search_term_string\"}],\"inLanguage\":\"fr-FR\"},{\"@type\":\"Organization\",\"@id\":\"https:\/\/www.webjaseur.com\/#organization\",\"name\":\"WebJaseur SRL\",\"url\":\"https:\/\/www.webjaseur.com\/\",\"logo\":{\"@type\":\"ImageObject\",\"inLanguage\":\"fr-FR\",\"@id\":\"https:\/\/www.webjaseur.com\/#\/schema\/logo\/image\/\",\"url\":\"https:\/\/www.webjaseur.com\/wp-content\/uploads\/2021\/04\/logo2.png\",\"contentUrl\":\"https:\/\/www.webjaseur.com\/wp-content\/uploads\/2021\/04\/logo2.png\",\"width\":1773,\"height\":1003,\"caption\":\"WebJaseur SRL\"},\"image\":{\"@id\":\"https:\/\/www.webjaseur.com\/#\/schema\/logo\/image\/\"},\"sameAs\":[\"https:\/\/www.linkedin.com\/in\/jean-jacques-feierabend-0a52265\"]}]}<\/script>\n<!-- \/ Yoast SEO plugin. -->","yoast_head_json":{"title":"Curricilum Vitae Jean-Jacques Feierabend - WebJaseur","robots":{"index":"index","follow":"follow","max-snippet":"max-snippet:-1","max-image-preview":"max-image-preview:large","max-video-preview":"max-video-preview:-1"},"canonical":"https:\/\/www.webjaseur.com\/?page_id=15554","og_locale":"fr_FR","og_type":"article","og_title":"Curricilum Vitae Jean-Jacques Feierabend - WebJaseur","og_description":"Documents au format PDF. Pour d&rsquo;autres formats, veuillez nous contacter. T\u00e9l\u00e9charger CV Version Fran\u00e7aise Download CV English Version","og_url":"https:\/\/www.webjaseur.com\/?page_id=15554","og_site_name":"WebJaseur","article_modified_time":"2021-04-17T08:17:52+00:00","og_image":[{"url":"https:\/\/www.webjaseur.com\/wp-content\/uploads\/elementor\/thumbs\/jjf-p5bpgxv9xgympq9huyvis5fms6evc224ezfchknmj4.png"}],"twitter_card":"summary_large_image","twitter_misc":{"Dur\u00e9e de lecture estim\u00e9e":"1 minute"},"schema":{"@context":"https:\/\/schema.org","@graph":[{"@type":"WebPage","@id":"https:\/\/www.webjaseur.com\/?page_id=15554","url":"https:\/\/www.webjaseur.com\/?page_id=15554","name":"Curricilum Vitae Jean-Jacques Feierabend - WebJaseur","isPartOf":{"@id":"https:\/\/www.webjaseur.com\/#website"},"primaryImageOfPage":{"@id":"https:\/\/www.webjaseur.com\/?page_id=15554#primaryimage"},"image":{"@id":"https:\/\/www.webjaseur.com\/?page_id=15554#primaryimage"},"thumbnailUrl":"https:\/\/www.webjaseur.com\/wp-content\/uploads\/elementor\/thumbs\/jjf-p5bpgxv9xgympq9huyvis5fms6evc224ezfchknmj4.png","datePublished":"2021-04-17T07:37:59+00:00","dateModified":"2021-04-17T08:17:52+00:00","breadcrumb":{"@id":"https:\/\/www.webjaseur.com\/?page_id=15554#breadcrumb"},"inLanguage":"fr-FR","potentialAction":[{"@type":"ReadAction","target":["https:\/\/www.webjaseur.com\/?page_id=15554"]}]},{"@type":"ImageObject","inLanguage":"fr-FR","@id":"https:\/\/www.webjaseur.com\/?page_id=15554#primaryimage","url":"https:\/\/www.webjaseur.com\/wp-content\/uploads\/elementor\/thumbs\/jjf-p5bpgxv9xgympq9huyvis5fms6evc224ezfchknmj4.png","contentUrl":"https:\/\/www.webjaseur.com\/wp-content\/uploads\/elementor\/thumbs\/jjf-p5bpgxv9xgympq9huyvis5fms6evc224ezfchknmj4.png"},{"@type":"BreadcrumbList","@id":"https:\/\/www.webjaseur.com\/?page_id=15554#breadcrumb","itemListElement":[{"@type":"ListItem","position":1,"name":"Accueil","item":"https:\/\/www.webjaseur.com\/"},{"@type":"ListItem","position":2,"name":"Curricilum Vitae Jean-Jacques Feierabend"}]},{"@type":"WebSite","@id":"https:\/\/www.webjaseur.com\/#website","url":"https:\/\/www.webjaseur.com\/","name":"WebJaseur","description":"Your WinDev, WebDev, Mobile partner","publisher":{"@id":"https:\/\/www.webjaseur.com\/#organization"},"potentialAction":[{"@type":"SearchAction","target":{"@type":"EntryPoint","urlTemplate":"https:\/\/www.webjaseur.com\/?s={search_term_string}"},"query-input":"required name=search_term_string"}],"inLanguage":"fr-FR"},{"@type":"Organization","@id":"https:\/\/www.webjaseur.com\/#organization","name":"WebJaseur SRL","url":"https:\/\/www.webjaseur.com\/","logo":{"@type":"ImageObject","inLanguage":"fr-FR","@id":"https:\/\/www.webjaseur.com\/#\/schema\/logo\/image\/","url":"https:\/\/www.webjaseur.com\/wp-content\/uploads\/2021\/04\/logo2.png","contentUrl":"https:\/\/www.webjaseur.com\/wp-content\/uploads\/2021\/04\/logo2.png","width":1773,"height":1003,"caption":"WebJaseur SRL"},"image":{"@id":"https:\/\/www.webjaseur.com\/#\/schema\/logo\/image\/"},"sameAs":["https:\/\/www.linkedin.com\/in\/jean-jacques-feierabend-0a52265"]}]}},"_links":{"self":[{"href":"https:\/\/www.webjaseur.com\/index.php?rest_route=\/wp\/v2\/pages\/15554"}],"collection":[{"href":"https:\/\/www.webjaseur.com\/index.php?rest_route=\/wp\/v2\/pages"}],"about":[{"href":"https:\/\/www.webjaseur.com\/index.php?rest_route=\/wp\/v2\/types\/page"}],"author":[{"embeddable":true,"href":"https:\/\/www.webjaseur.com\/index.php?rest_route=\/wp\/v2\/users\/1"}],"replies":[{"embeddable":true,"href":"https:\/\/www.webjaseur.com\/index.php?rest_route=%2Fwp%2Fv2%2Fcomments&post=15554"}],"version-history":[{"count":14,"href":"https:\/\/www.webjaseur.com\/index.php?rest_route=\/wp\/v2\/pages\/15554\/revisions"}],"predecessor-version":[{"id":15571,"href":"https:\/\/www.webjaseur.com\/index.php?rest_route=\/wp\/v2\/pages\/15554\/revisions\/15571"}],"wp:attachment":[{"href":"https:\/\/www.webjaseur.com\/index.php?rest_route=%2Fwp%2Fv2%2Fmedia&parent=15554"}],"curies":[{"name":"wp","href":"https:\/\/api.w.org\/{rel}","templated":true}]}}